{"id":20790,"date":"2021-04-30T15:02:36","date_gmt":"2021-04-30T13:02:36","guid":{"rendered":"http:\/\/turin-vermouth.com\/?page_id=20790"},"modified":"2025-09-23T14:37:56","modified_gmt":"2025-09-23T12:37:56","slug":"drapo-rose","status":"publish","type":"page","link":"https:\/\/turin-vermouth.com\/en\/drapo-rose\/","title":{"rendered":"Drap\u00f2 Ros\u00e8"},"content":{"rendered":"<div  class=\"vc-row-wrapper full_width_content\" data-parallax_sense=\"30\"><div class=\"wpb_row row\" >\n\t<div class=\"twelve columns vc-column-extra-class-69d995a16002d\" data-parallax_sense=\"30\">\n\t\t<div class=\"wpb_wrapper\">\n\t\t\t\n\t\t\t<!-- START rosa REVOLUTION SLIDER 6.3.9 --><p class=\"rs-p-wp-fix\"><\/p>\n\t\t\t<rs-module-wrap id=\"rev_slider_27_1_wrapper\" data-source=\"gallery\" style=\"background:transparent;padding:0;margin:0px auto;margin-top:0;margin-bottom:0;background-image:url(http:\/\/turin-vermouth.com\/wp-content\/uploads\/Turin_Vermouth_rose-top.jpg);background-repeat:no-repeat;background-size:cover;background-position:center center;\">\n\t\t\t\t<rs-module id=\"rev_slider_27_1\" style=\"\" data-version=\"6.3.9\">\n\t\t\t\t\t<rs-slides>\n\t\t\t\t\t\t<rs-slide data-key=\"rs-77\" data-title=\"Slide\" data-anim=\"ei:d;eo:d;s:1000;r:0;t:fade;sl:0;\">\n\t\t\t\t\t\t\t<img decoding=\"async\" src=\"\/\/turin-vermouth.com\/wp-content\/plugins\/revslider\/public\/assets\/assets\/transparent.png\" alt=\"Slide\" title=\"Drap\u00f2 Ros\u00e8\" class=\"rev-slidebg\" data-no-retina>\n<!--\n\t\t\t\t\t\t\t--><rs-layer\n\t\t\t\t\t\t\t\tid=\"slider-27-slide-77-layer-2\" \n\t\t\t\t\t\t\t\tdata-type=\"image\"\n\t\t\t\t\t\t\t\tdata-rsp_ch=\"on\"\n\t\t\t\t\t\t\t\tdata-xy=\"x:c;xo:117px,117px,117px,28px;y:m;yo:43px,43px,43px,9px;\"\n\t\t\t\t\t\t\t\tdata-text=\"w:normal;s:20,20,20,4;l:0,0,0,6;\"\n\t\t\t\t\t\t\t\tdata-dim=\"w:2911px,2911px,2911px,727px;h:905px,905px,905px,225px;\"\n\t\t\t\t\t\t\t\tdata-frame_999=\"o:0;st:w;\"\n\t\t\t\t\t\t\t\tstyle=\"z-index:8;\"\n\t\t\t\t\t\t\t><img loading=\"lazy\" decoding=\"async\" src=\"\/\/turin-vermouth.com\/wp-content\/uploads\/2-Turin_Vermouth_Drapo\u0300_rose\u0300 prova wide.png\" width=\"3862\" height=\"1200\" data-no-retina> \n\t\t\t\t\t\t\t<\/rs-layer><!--\n-->\t\t\t\t\t\t<\/rs-slide>\n\t\t\t\t\t<\/rs-slides>\n\t\t\t\t<\/rs-module>\n\t\t\t\t<script type=\"text\/javascript\">\n\t\t\t\t\tsetREVStartSize({c: 'rev_slider_27_1',rl:[1240,1240,1240,480],el:[800,800,800,348],gw:[1920,1920,1920,480],gh:[800,800,800,480],type:'standard',justify:'',layout:'fullwidth',mh:\"0\"});\n\t\t\t\t\tvar\trevapi27,\n\t\t\t\t\t\ttpj;\n\t\t\t\t\tfunction revinit_revslider271() {\n\t\t\t\t\tjQuery(function() {\n\t\t\t\t\t\ttpj = jQuery;\n\t\t\t\t\t\trevapi27 = tpj(\"#rev_slider_27_1\");\n\t\t\t\t\t\tif(revapi27==undefined || revapi27.revolution == undefined){\n\t\t\t\t\t\t\trevslider_showDoubleJqueryError(\"rev_slider_27_1\");\n\t\t\t\t\t\t}else{\n\t\t\t\t\t\t\trevapi27.revolution({\n\t\t\t\t\t\t\t\tsliderLayout:\"fullwidth\",\n\t\t\t\t\t\t\t\tvisibilityLevels:\"1240,1240,1240,480\",\n\t\t\t\t\t\t\t\tgridwidth:\"1920,1920,1920,480\",\n\t\t\t\t\t\t\t\tgridheight:\"800,800,800,480\",\n\t\t\t\t\t\t\t\tperspective:600,\n\t\t\t\t\t\t\t\tperspectiveType:\"global\",\n\t\t\t\t\t\t\t\teditorheight:\"800,768,960,348\",\n\t\t\t\t\t\t\t\tresponsiveLevels:\"1240,1240,1240,480\",\n\t\t\t\t\t\t\t\tprogressBar:{disableProgressBar:true},\n\t\t\t\t\t\t\t\tnavigation: {\n\t\t\t\t\t\t\t\t\tonHoverStop:false\n\t\t\t\t\t\t\t\t},\n\t\t\t\t\t\t\t\tfallbacks: {\n\t\t\t\t\t\t\t\t\tallowHTML5AutoPlayOnAndroid:true\n\t\t\t\t\t\t\t\t},\n\t\t\t\t\t\t\t});\n\t\t\t\t\t\t}\n\t\t\t\t\t\t\n\t\t\t\t\t});\n\t\t\t\t\t} \/\/ End of RevInitScript\n\t\t\t\tvar once_revslider271 = false;\n\t\t\t\tif (document.readyState === \"loading\") {document.addEventListener('readystatechange',function() { if((document.readyState === \"interactive\" || document.readyState === \"complete\") && !once_revslider271 ) { once_revslider271 = true; revinit_revslider271();}});} else {once_revslider271 = true; revinit_revslider271();}\n\t\t\t\t<\/script>\n\t\t\t<\/rs-module-wrap>\n\t\t\t<!-- END REVOLUTION SLIDER -->\n\n\t\t<\/div> \n\t<\/div> \n<\/div><div class=\"dfd-row-bg-overlay\" style=\"opacity: 0.8;\"><\/div><\/div><div  class=\"vc-row-wrapper\" data-parallax_sense=\"30\"><div class=\"wpb_row row\" >\n\t<div class=\"twelve columns vc-column-extra-class-69d995a16e161\" data-parallax_sense=\"30\">\n\t\t<div class=\"wpb_wrapper\">\n\t\t\t<div class=\"dfd-spacer-module\"  data-units=\"px\" data-wide_resolution=\"1280\" data-wide_size=\"100\" data-normal_resolution=\"1024\" data-normal_size=\"70\" data-tablet_resolution=\"800\" data-tablet_size=\"50\" data-mobile_resolution=\"480\" data-mobile_size=\"50\" style=\"height: 100px;\"><\/div>\n\t<div class=\"wpb_text_column wpb_content_element\" >\n\t\t<div class=\"wpb_wrapper\">\n\t\t\t<h2 style=\"text-align: center;\"><strong>DRAP\u00d2<\/strong><\/h2>\n<h4 style=\"text-align: center;\">ROSE&#8217;<\/h4>\n\n\t\t<\/div> \n\t<\/div> <div class=\"dfd-spacer-module\"  data-units=\"px\" data-wide_resolution=\"1280\" data-wide_size=\"50\" data-normal_resolution=\"1024\" data-normal_size=\"50\" data-tablet_resolution=\"800\" data-tablet_size=\"20\" data-mobile_resolution=\"480\" data-mobile_size=\"20\" style=\"height: 50px;\"><\/div>\n\t<div class=\"wpb_text_column wpb_content_element  testoprodotto\" >\n\t\t<div class=\"wpb_wrapper\">\n\t\t\t<p style=\"text-align: center;\">It is the perfect union ring that connects the two most common types of Vermouth: when a white vermouth is too sweet and a red vermouth is too full-bodied, ros\u00e9 vermouth is the ideal solution.<\/p>\n\n\t\t<\/div> \n\t<\/div> <div class=\"dfd-spacer-module\"  data-units=\"px\" data-wide_resolution=\"1280\" data-wide_size=\"100\" data-normal_resolution=\"1024\" data-normal_size=\"70\" data-tablet_resolution=\"800\" data-tablet_size=\"50\" data-mobile_resolution=\"480\" data-mobile_size=\"50\" style=\"height: 100px;\"><\/div>\n\t\t<\/div> \n\t<\/div> \n<\/div><div class=\"dfd-row-bg-overlay\" style=\"background-color: #f0ebe5;opacity: 0.8;\"><\/div><\/div><div  class=\"vc-row-wrapper equal-height-columns mobile-destroy-equal-heights vc-row-destroy-equal-heights-69d995a16e575 aligh-content-verticaly\"  data-resolution=\"800\"data-parallax_sense=\"30\"><div class=\"wpb_row row\" >\n\t<div class=\"six columns vc-column-extra-class-69d995a16ea3b\" data-parallax_sense=\"30\">\n\t\t<div class=\"wpb_wrapper\">\n\t\t\t\n\t<div class=\"wpb_single_image wpb_content_element vc_align_left\" >\n\t\t<div class=\"wpb_wrapper\">\n\t\t\t\n\t\t\t<div class=\"vc_single_image-wrapper   vc_box_border_grey\" ><img loading=\"lazy\" decoding=\"async\" width=\"400\" height=\"800\" src=\"https:\/\/turin-vermouth.com\/wp-content\/uploads\/rose.png\" class=\"vc_single_image-img attachment-full\" alt=\"\" srcset=\"https:\/\/turin-vermouth.com\/wp-content\/uploads\/rose.png 400w, https:\/\/turin-vermouth.com\/wp-content\/uploads\/rose-6x12.png 6w\" sizes=\"auto, (max-width: 400px) 100vw, 400px\" \/><\/div>\n\t\t\t\n\t\t<\/div>\n\t<\/div>\n\n\t\t<\/div> \n\t<\/div> \n\n\t<div class=\"six columns vc-column-extra-class-69d995a16f09b\" data-parallax_sense=\"30\">\n\t\t<div class=\"wpb_wrapper\">\n\t\t\t<div class=\"dfd-spacer-module\"  data-units=\"px\" data-wide_resolution=\"1280\" data-wide_size=\"60\" data-normal_resolution=\"1024\" data-normal_size=\"60\" data-tablet_resolution=\"800\" data-tablet_size=\"80\" data-mobile_resolution=\"480\" data-mobile_size=\"80\" style=\"height: 60px;\"><\/div>\n\t<div class=\"wpb_text_column wpb_content_element\" >\n\t\t<div class=\"wpb_wrapper\">\n\t\t\t<h5 style=\"text-align: center;\"><strong>SENSORY<\/strong><\/h5>\n<h3 style=\"text-align: center;\">NOTES<br \/>\nAND CHARACTERISTICS<\/h3>\n\n\t\t<\/div> \n\t<\/div> <div class=\"dfd-spacer-module\"  data-units=\"px\" data-wide_resolution=\"1280\" data-wide_size=\"30\" data-normal_resolution=\"1024\" data-normal_size=\"30\" data-tablet_resolution=\"800\" data-tablet_size=\"30\" data-mobile_resolution=\"480\" data-mobile_size=\"30\" style=\"height: 30px;\"><\/div>\n\t<div class=\"wpb_text_column wpb_content_element  testoprodotto2\" >\n\t\t<div class=\"wpb_wrapper\">\n\t\t\t<p style=\"text-align: center;\">Color: Salmon pink<br \/>\nTaste: Soft,<br \/>\nsweet with pleasant spicy hints<br \/>\nAlcohol content: 16% vol.<br \/>\nSize: 1 lt \/ 75 cl \/ 5 cl<\/p>\n\n\t\t<\/div> \n\t<\/div> <div class=\"dfd-spacer-module\"  data-units=\"px\" data-wide_resolution=\"1280\" data-wide_size=\"30\" data-normal_resolution=\"1024\" data-normal_size=\"30\" data-tablet_resolution=\"800\" data-tablet_size=\"30\" data-mobile_resolution=\"480\" data-mobile_size=\"30\" style=\"height: 30px;\"><\/div>\n\t\t<\/div> \n\t<\/div> \n<\/div><div class=\"dfd-row-bg-overlay\" style=\"background-color: #f0ebe5;opacity: 0.8;\"><\/div><script type=\"text\/javascript\">(function($) {$(\"head\").append(\"<style>@media (min-width: 800px) and (max-width: 800px) {.vc-row-destroy-equal-heights-69d995a16e575.aligh-content-verticaly.mobile-destroy-equal-heights .dfd-vertical-aligned {top: 0;-webkit-transform: translateY(0);-moz-transform: translateY(0);-o-transform: translateY(0); transform: translateY(0);}.vc-row-destroy-equal-heights-69d995a16e575.vc-row-wrapper.equal-height-columns > .fp-tableCell > .fp-scrollable > .fp-scroller > .row > .columns,.vc-row-destroy-equal-heights-69d995a16e575.vc-row-wrapper.equal-height-columns > .fp-tableCell > .fp-scrollable > .row > .columns,.vc-row-destroy-equal-heights-69d995a16e575.vc-row-wrapper.equal-height-columns > .fp-tableCell > .row > .columns {height: auto;}}<\/style>\");})(jQuery);<\/script><\/div><div  class=\"vc-row-wrapper full_width_content equal-height-columns mobile-destroy-equal-heights vc-row-destroy-equal-heights-69d995a16f521 aligh-content-verticaly\"  data-resolution=\"800\"data-parallax_sense=\"30\"><div class=\"wpb_row row\" >\n\t<div class=\"six columns vc-column-extra-class-69d995a16fa07 vc_custom_1620311564583\" data-parallax_sense=\"30\">\n\t\t<div class=\"wpb_wrapper\">\n\t\t\t<div class=\"dfd-spacer-module\"  data-units=\"px\" data-wide_resolution=\"1280\" data-wide_size=\"60\" data-normal_resolution=\"1024\" data-normal_size=\"60\" data-tablet_resolution=\"800\" data-tablet_size=\"80\" data-mobile_resolution=\"480\" data-mobile_size=\"80\" style=\"height: 60px;\"><\/div>\n\t<div class=\"wpb_text_column wpb_content_element  testoprodotto\" >\n\t\t<div class=\"wpb_wrapper\">\n\t\t\t<p class=\"Default\" style=\"text-align: center;\"><span style=\"color: #ffffff;\">The aroma is fresh, fragrant, with strong notes of fruit and flowers and an unexpected spicy finish.<\/span><\/p>\n\n\t\t<\/div> \n\t<\/div> <div class=\"dfd-spacer-module\"  data-units=\"px\" data-wide_resolution=\"1280\" data-wide_size=\"60\" data-normal_resolution=\"1024\" data-normal_size=\"60\" data-tablet_resolution=\"800\" data-tablet_size=\"80\" data-mobile_resolution=\"480\" data-mobile_size=\"80\" style=\"height: 60px;\"><\/div>\n\t\t<\/div> <script type=\"text\/javascript\">(function($) {$(\"head\").append(\"<style>.columns.vc-column-extra-class-69d995a16fa07 {background-position: right top !important;}<\/style>\");})(jQuery);<\/script>\n\t<\/div> \n\n\t<div class=\"six columns vc-column-extra-class-69d995a16fc31 vc_custom_1620490347195\" data-parallax_sense=\"30\">\n\t\t<div class=\"wpb_wrapper\">\n\t\t\t<div class=\"vc-row-wrapper vc_inner vc_row-fluid dfd-inner-row-69d995a16fdb4\"><div class=\"row wpb_row\"><div class=\"dfd-enable-custom-column-effect vc-column-hover-69d995a16ff77 columns twelve\"><div class=\"wpb_wrapper\">\n\t<div class=\"wpb_single_image wpb_content_element vc_align_center\" >\n\t\t<div class=\"wpb_wrapper\">\n\t\t\t\n\t\t\t<div class=\"vc_single_image-wrapper   vc_box_border_grey\" ><img loading=\"lazy\" decoding=\"async\" width=\"1134\" height=\"1134\" src=\"https:\/\/turin-vermouth.com\/wp-content\/uploads\/araldica.png\" class=\"vc_single_image-img attachment-full\" alt=\"\" srcset=\"https:\/\/turin-vermouth.com\/wp-content\/uploads\/araldica.png 1134w, https:\/\/turin-vermouth.com\/wp-content\/uploads\/araldica-1000x1000.png 1000w, https:\/\/turin-vermouth.com\/wp-content\/uploads\/araldica-400x400.png 400w, https:\/\/turin-vermouth.com\/wp-content\/uploads\/araldica-768x768.png 768w, https:\/\/turin-vermouth.com\/wp-content\/uploads\/araldica-600x600.png 600w, https:\/\/turin-vermouth.com\/wp-content\/uploads\/araldica-100x100.png 100w\" sizes=\"auto, (max-width: 1134px) 100vw, 1134px\" \/><\/div>\n\t\t\t\n\t\t<\/div>\n\t<\/div>\n<\/div><script type=\"text\/javascript\">(function($) {$(\"head\").append(\"<style>.vc-column-hover-69d995a16ff77 {-webkit-box-shadow: none;-moz-box-shadow: none;-o-box-shadow: none;box-shadow: none;}.vc-column-hover-69d995a16ff77:hover {-webkit-box-shadow: none;-moz-box-shadow: none;-o-box-shadow: none;box-shadow: none; z-index: 1;}<\/style>\");})(jQuery);<\/script><\/div><\/div><\/div>\n\t\t<\/div> <script type=\"text\/javascript\">(function($) {$(\"head\").append(\"<style>.columns.vc-column-extra-class-69d995a16fc31 {background-position: left bottom !important;}<\/style>\");})(jQuery);<\/script>\n\t<\/div> \n<\/div><div class=\"dfd-row-bg-overlay\" style=\"opacity: 0.8;\"><\/div><script type=\"text\/javascript\">(function($) {$(\"head\").append(\"<style>@media (min-width: 800px) and (max-width: 800px) {.vc-row-destroy-equal-heights-69d995a16f521.aligh-content-verticaly.mobile-destroy-equal-heights .dfd-vertical-aligned {top: 0;-webkit-transform: translateY(0);-moz-transform: translateY(0);-o-transform: translateY(0); transform: translateY(0);}.vc-row-destroy-equal-heights-69d995a16f521.vc-row-wrapper.equal-height-columns > .fp-tableCell > .fp-scrollable > .fp-scroller > .row > .columns,.vc-row-destroy-equal-heights-69d995a16f521.vc-row-wrapper.equal-height-columns > .fp-tableCell > .fp-scrollable > .row > .columns,.vc-row-destroy-equal-heights-69d995a16f521.vc-row-wrapper.equal-height-columns > .fp-tableCell > .row > .columns {height: auto;}}<\/style>\");})(jQuery);<\/script><\/div><div  class=\"vc-row-wrapper\" data-parallax_sense=\"30\"><div class=\"wpb_row row\" >\n\t<div class=\"twelve columns vc-column-extra-class-69d995a170aac\" data-parallax_sense=\"30\">\n\t\t<div class=\"wpb_wrapper\">\n\t\t\t<div class=\"dfd-spacer-module\"  data-units=\"px\" data-wide_resolution=\"1280\" data-wide_size=\"100\" data-normal_resolution=\"1024\" data-normal_size=\"70\" data-tablet_resolution=\"800\" data-tablet_size=\"50\" data-mobile_resolution=\"480\" data-mobile_size=\"50\" style=\"height: 100px;\"><\/div>\n\t<div class=\"wpb_text_column wpb_content_element  testoprodotto\" >\n\t\t<div class=\"wpb_wrapper\">\n\t\t\t<p style=\"text-align: center;\">The taste is very special, because at the tip of the tongue we can appreciate the typical softness and sweetness of the Drap\u00f2 Bianco. After which, as the sip expands, it gives way to an enveloping sensation of spices typical of the Drap\u00f2 Rosso, such as cinnamon, cloves and nutmeg.<\/p>\n\n\t\t<\/div> \n\t<\/div> <div class=\"dfd-spacer-module\"  data-units=\"px\" data-wide_resolution=\"1280\" data-wide_size=\"100\" data-normal_resolution=\"1024\" data-normal_size=\"70\" data-tablet_resolution=\"800\" data-tablet_size=\"50\" data-mobile_resolution=\"480\" data-mobile_size=\"50\" style=\"height: 100px;\"><\/div>\n\t\t<\/div> \n\t<\/div> \n<\/div><div class=\"dfd-row-bg-overlay\" style=\"background-color: #f0ebe5;opacity: 0.8;\"><\/div><\/div><div  class=\"vc-row-wrapper vc_custom_1619707763936\" data-parallax_sense=\"30\"><div class=\"wpb_row row\" >\n\t<div class=\"twelve columns vc-column-extra-class-69d995a171196\" data-parallax_sense=\"30\">\n\t\t<div class=\"wpb_wrapper\">\n\t\t\t<div class=\"dfd-spacer-module\"  data-units=\"px\" data-wide_resolution=\"1280\" data-wide_size=\"100\" data-normal_resolution=\"1024\" data-normal_size=\"70\" data-tablet_resolution=\"800\" data-tablet_size=\"50\" data-mobile_resolution=\"480\" data-mobile_size=\"50\" style=\"height: 100px;\"><\/div>\n\t<div class=\"wpb_text_column wpb_content_element  testoprodotto\" >\n\t\t<div class=\"wpb_wrapper\">\n\t\t\t<p style=\"text-align: center;\">It is an excellent product, very versatile for every occasion and a right ingredient for an aperitif.\nWe recommend serving it straight or mixed, always with ice and with a slice of orange or pink grapefruit.<\/p>\n\n\t\t<\/div> \n\t<\/div> <div class=\"dfd-spacer-module\"  data-units=\"px\" data-wide_resolution=\"1280\" data-wide_size=\"100\" data-normal_resolution=\"1024\" data-normal_size=\"70\" data-tablet_resolution=\"800\" data-tablet_size=\"50\" data-mobile_resolution=\"480\" data-mobile_size=\"50\" style=\"height: 100px;\"><\/div>\n\t\t<\/div> \n\t<\/div> \n<\/div><div class=\"dfd-row-bg-overlay\" style=\"background-color: #f0ebe5;opacity: 0.8;\"><\/div><\/div><div  class=\"vc-row-wrapper full_width_content equal-height-columns mobile-destroy-equal-heights vc-row-destroy-equal-heights-69d995a171412 aligh-content-verticaly\"  data-resolution=\"800\"data-parallax_sense=\"30\"><div class=\"wpb_row row\" >\n\t<div class=\"six columns vc-column-extra-class-69d995a1718f3 vc_custom_1619786199013\" data-parallax_sense=\"30\">\n\t\t<div class=\"wpb_wrapper\">\n\t\t\t<div class=\"dfd-spacer-module\"  data-units=\"px\" data-wide_resolution=\"1280\" data-wide_size=\"60\" data-normal_resolution=\"1024\" data-normal_size=\"60\" data-tablet_resolution=\"800\" data-tablet_size=\"80\" data-mobile_resolution=\"480\" data-mobile_size=\"80\" style=\"height: 60px;\"><\/div>\n\t<div class=\"wpb_text_column wpb_content_element\" >\n\t\t<div class=\"wpb_wrapper\">\n\t\t\t<h4 style=\"text-align: center;\"><span style=\"color: #ffffff;\">IMPERIAL<\/span><\/h4>\n<h3 style=\"text-align: center;\"><span style=\"color: #ffffff;\">DRAPO&#8217;<\/span><\/h3>\n<h3 style=\"text-align: center;\"><span style=\"color: #ffffff;\">ROSE&#8217;<\/span><\/h3>\n\n\t\t<\/div> \n\t<\/div> <div class=\"dfd-spacer-module\"  data-units=\"px\" data-wide_resolution=\"1280\" data-wide_size=\"30\" data-normal_resolution=\"1024\" data-normal_size=\"30\" data-tablet_resolution=\"800\" data-tablet_size=\"30\" data-mobile_resolution=\"480\" data-mobile_size=\"30\" style=\"height: 30px;\"><\/div>\n\t<div class=\"wpb_text_column wpb_content_element  testococktail\" >\n\t\t<div class=\"wpb_wrapper\">\n\t\t\t<p style=\"text-align: center;\"><span style=\"color: #ffffff;\">4 cl vermouth drapo\u2019rose\u2019<\/span><br \/>\n<span style=\"color: #ffffff;\">4 cl prosecco<\/span><br \/>\n<span style=\"color: #ffffff;\">slice of orange<\/span><br \/>\n<span style=\"color: #ffffff;\">fill with ice<\/span><\/p>\n\n\t\t<\/div> \n\t<\/div> <div class=\"dfd-spacer-module\"  data-units=\"px\" data-wide_resolution=\"1280\" data-wide_size=\"30\" data-normal_resolution=\"1024\" data-normal_size=\"30\" data-tablet_resolution=\"800\" data-tablet_size=\"80\" data-mobile_resolution=\"480\" data-mobile_size=\"80\" style=\"height: 30px;\"><\/div>\n\t\t<\/div> <script type=\"text\/javascript\">(function($) {$(\"head\").append(\"<style>.columns.vc-column-extra-class-69d995a1718f3 {background-position: right top !important;}<\/style>\");})(jQuery);<\/script>\n\t<\/div> \n\n\t<div class=\"six columns vc-column-extra-class-69d995a171bec vc_custom_1619789041920\" data-parallax_sense=\"30\">\n\t\t<div class=\"wpb_wrapper\">\n\t\t\t<div class=\"vc-row-wrapper vc_inner vc_row-fluid dfd-inner-row-69d995a171cf7\"><div class=\"row wpb_row\"><div class=\"spazio3 dfd-enable-custom-column-effect vc-column-hover-69d995a171e2e columns twelve\"><div class=\"wpb_wrapper\"><\/div><script type=\"text\/javascript\">(function($) {$(\"head\").append(\"<style>.vc-column-hover-69d995a171e2e {-webkit-box-shadow: none;-moz-box-shadow: none;-o-box-shadow: none;box-shadow: none;}.vc-column-hover-69d995a171e2e:hover {-webkit-box-shadow: none;-moz-box-shadow: none;-o-box-shadow: none;box-shadow: none; z-index: 1;}<\/style>\");})(jQuery);<\/script><\/div><\/div><\/div>\n\t\t<\/div> <script type=\"text\/javascript\">(function($) {$(\"head\").append(\"<style>.columns.vc-column-extra-class-69d995a171bec {background-position: center center !important;}<\/style>\");})(jQuery);<\/script>\n\t<\/div> \n<\/div><div class=\"dfd-row-bg-overlay\" style=\"opacity: 0.8;\"><\/div><script type=\"text\/javascript\">(function($) {$(\"head\").append(\"<style>@media (min-width: 800px) and (max-width: 800px) {.vc-row-destroy-equal-heights-69d995a171412.aligh-content-verticaly.mobile-destroy-equal-heights .dfd-vertical-aligned {top: 0;-webkit-transform: translateY(0);-moz-transform: translateY(0);-o-transform: translateY(0); transform: translateY(0);}.vc-row-destroy-equal-heights-69d995a171412.vc-row-wrapper.equal-height-columns > .fp-tableCell > .fp-scrollable > .fp-scroller > .row > .columns,.vc-row-destroy-equal-heights-69d995a171412.vc-row-wrapper.equal-height-columns > .fp-tableCell > .fp-scrollable > .row > .columns,.vc-row-destroy-equal-heights-69d995a171412.vc-row-wrapper.equal-height-columns > .fp-tableCell > .row > .columns {height: auto;}}<\/style>\");})(jQuery);<\/script><\/div>","protected":false},"excerpt":{"rendered":"DRAP\u00d2 ROSE' \u00c8 il perfetto anello di congiunzione che collega le due tipologie di Vermouth pi\u00f9 comuni: quando un Vermouth bianco \u00e8 troppo dolce e uno rosso \u00e8 troppo corposo,","protected":false},"author":31,"featured_media":21782,"parent":0,"menu_order":0,"comment_status":"closed","ping_status":"closed","template":"page-custom.php","meta":{"footnotes":""},"class_list":["post-20790","page","type-page","status-publish","has-post-thumbnail","hentry"],"_links":{"self":[{"href":"https:\/\/turin-vermouth.com\/en\/wp-json\/wp\/v2\/pages\/20790","targetHints":{"allow":["GET"]}}],"collection":[{"href":"https:\/\/turin-vermouth.com\/en\/wp-json\/wp\/v2\/pages"}],"about":[{"href":"https:\/\/turin-vermouth.com\/en\/wp-json\/wp\/v2\/types\/page"}],"author":[{"embeddable":true,"href":"https:\/\/turin-vermouth.com\/en\/wp-json\/wp\/v2\/users\/31"}],"replies":[{"embeddable":true,"href":"https:\/\/turin-vermouth.com\/en\/wp-json\/wp\/v2\/comments?post=20790"}],"version-history":[{"count":15,"href":"https:\/\/turin-vermouth.com\/en\/wp-json\/wp\/v2\/pages\/20790\/revisions"}],"predecessor-version":[{"id":21816,"href":"https:\/\/turin-vermouth.com\/en\/wp-json\/wp\/v2\/pages\/20790\/revisions\/21816"}],"wp:featuredmedia":[{"embeddable":true,"href":"https:\/\/turin-vermouth.com\/en\/wp-json\/wp\/v2\/media\/21782"}],"wp:attachment":[{"href":"https:\/\/turin-vermouth.com\/en\/wp-json\/wp\/v2\/media?parent=20790"}],"curies":[{"name":"wp","href":"https:\/\/api.w.org\/{rel}","templated":true}]}}