{"id":20807,"date":"2021-04-30T15:33:35","date_gmt":"2021-04-30T13:33:35","guid":{"rendered":"http:\/\/turin-vermouth.com\/?page_id=20807"},"modified":"2025-10-02T12:22:55","modified_gmt":"2025-10-02T10:22:55","slug":"drapo-gran-riserva","status":"publish","type":"page","link":"https:\/\/turin-vermouth.com\/en\/drapo-gran-riserva\/","title":{"rendered":"Drap\u00f2 Gran Riserva"},"content":{"rendered":"<div  class=\"vc-row-wrapper full_width_content\" data-parallax_sense=\"30\"><div class=\"wpb_row row\" >\n\t<div class=\"twelve columns vc-column-extra-class-69d9958f18e4a\" data-parallax_sense=\"30\">\n\t\t<div class=\"wpb_wrapper\">\n\t\t\t\n\t\t\t<!-- START riserva REVOLUTION SLIDER 6.3.9 --><p class=\"rs-p-wp-fix\"><\/p>\n\t\t\t<rs-module-wrap id=\"rev_slider_28_1_wrapper\" data-source=\"gallery\" style=\"background:transparent;padding:0;margin:0px auto;margin-top:0;margin-bottom:0;background-image:url(http:\/\/turin-vermouth.com\/wp-content\/uploads\/Turin_Vermouth_riserva-top.jpg);background-repeat:no-repeat;background-size:cover;background-position:center center;\">\n\t\t\t\t<rs-module id=\"rev_slider_28_1\" style=\"\" data-version=\"6.3.9\">\n\t\t\t\t\t<rs-slides>\n\t\t\t\t\t\t<rs-slide data-key=\"rs-78\" data-title=\"Slide\" data-anim=\"ei:d;eo:d;s:1000;r:0;t:fade;sl:0;\">\n\t\t\t\t\t\t\t<img decoding=\"async\" src=\"\/\/turin-vermouth.com\/wp-content\/plugins\/revslider\/public\/assets\/assets\/transparent.png\" alt=\"Slide\" title=\"Drap\u00f2 Gran Riserva\" class=\"rev-slidebg\" data-no-retina>\n<!--\n\t\t\t\t\t\t\t--><rs-layer\n\t\t\t\t\t\t\t\tid=\"slider-28-slide-78-layer-0\" \n\t\t\t\t\t\t\t\tdata-type=\"image\"\n\t\t\t\t\t\t\t\tdata-rsp_ch=\"on\"\n\t\t\t\t\t\t\t\tdata-xy=\"x:c;y:m;yo:-36px,-36px,-36px,-8px;\"\n\t\t\t\t\t\t\t\tdata-text=\"w:normal;s:20,20,20,4;l:0,0,0,6;\"\n\t\t\t\t\t\t\t\tdata-dim=\"w:2635px,2635px,2635px,658px;h:1235px,1235px,1235px,307px;\"\n\t\t\t\t\t\t\t\tdata-frame_999=\"o:0;st:w;\"\n\t\t\t\t\t\t\t\tstyle=\"z-index:5;\"\n\t\t\t\t\t\t\t><img loading=\"lazy\" decoding=\"async\" src=\"\/\/turin-vermouth.com\/wp-content\/uploads\/1-3.png\" width=\"1920\" height=\"900\" data-no-retina> \n\t\t\t\t\t\t\t<\/rs-layer><!--\n-->\t\t\t\t\t\t<\/rs-slide>\n\t\t\t\t\t<\/rs-slides>\n\t\t\t\t<\/rs-module>\n\t\t\t\t<script type=\"text\/javascript\">\n\t\t\t\t\tsetREVStartSize({c: 'rev_slider_28_1',rl:[1240,1240,1240,480],el:[800,800,800,348],gw:[1920,1920,1920,480],gh:[800,800,800,480],type:'standard',justify:'',layout:'fullwidth',mh:\"0\"});\n\t\t\t\t\tvar\trevapi28,\n\t\t\t\t\t\ttpj;\n\t\t\t\t\tfunction revinit_revslider281() {\n\t\t\t\t\tjQuery(function() {\n\t\t\t\t\t\ttpj = jQuery;\n\t\t\t\t\t\trevapi28 = tpj(\"#rev_slider_28_1\");\n\t\t\t\t\t\tif(revapi28==undefined || revapi28.revolution == undefined){\n\t\t\t\t\t\t\trevslider_showDoubleJqueryError(\"rev_slider_28_1\");\n\t\t\t\t\t\t}else{\n\t\t\t\t\t\t\trevapi28.revolution({\n\t\t\t\t\t\t\t\tsliderLayout:\"fullwidth\",\n\t\t\t\t\t\t\t\tvisibilityLevels:\"1240,1240,1240,480\",\n\t\t\t\t\t\t\t\tgridwidth:\"1920,1920,1920,480\",\n\t\t\t\t\t\t\t\tgridheight:\"800,800,800,480\",\n\t\t\t\t\t\t\t\tperspective:600,\n\t\t\t\t\t\t\t\tperspectiveType:\"global\",\n\t\t\t\t\t\t\t\teditorheight:\"800,768,960,348\",\n\t\t\t\t\t\t\t\tresponsiveLevels:\"1240,1240,1240,480\",\n\t\t\t\t\t\t\t\tprogressBar:{disableProgressBar:true},\n\t\t\t\t\t\t\t\tnavigation: {\n\t\t\t\t\t\t\t\t\tonHoverStop:false\n\t\t\t\t\t\t\t\t},\n\t\t\t\t\t\t\t\tfallbacks: {\n\t\t\t\t\t\t\t\t\tallowHTML5AutoPlayOnAndroid:true\n\t\t\t\t\t\t\t\t},\n\t\t\t\t\t\t\t});\n\t\t\t\t\t\t}\n\t\t\t\t\t\t\n\t\t\t\t\t});\n\t\t\t\t\t} \/\/ End of RevInitScript\n\t\t\t\tvar once_revslider281 = false;\n\t\t\t\tif (document.readyState === \"loading\") {document.addEventListener('readystatechange',function() { if((document.readyState === \"interactive\" || document.readyState === \"complete\") && !once_revslider281 ) { once_revslider281 = true; revinit_revslider281();}});} else {once_revslider281 = true; revinit_revslider281();}\n\t\t\t\t<\/script>\n\t\t\t<\/rs-module-wrap>\n\t\t\t<!-- END REVOLUTION SLIDER -->\n\n\t\t<\/div> \n\t<\/div> \n<\/div><div class=\"dfd-row-bg-overlay\" style=\"opacity: 0.8;\"><\/div><\/div><div  class=\"vc-row-wrapper\" data-parallax_sense=\"30\"><div class=\"wpb_row row\" >\n\t<div class=\"twelve columns vc-column-extra-class-69d9958f279cf\" data-parallax_sense=\"30\">\n\t\t<div class=\"wpb_wrapper\">\n\t\t\t<div class=\"dfd-spacer-module\"  data-units=\"px\" data-wide_resolution=\"1280\" data-wide_size=\"100\" data-normal_resolution=\"1024\" data-normal_size=\"70\" data-tablet_resolution=\"800\" data-tablet_size=\"50\" data-mobile_resolution=\"480\" data-mobile_size=\"50\" style=\"height: 100px;\"><\/div>\n\t<div class=\"wpb_text_column wpb_content_element\" >\n\t\t<div class=\"wpb_wrapper\">\n\t\t\t<h2 style=\"text-align: center;\"><strong>DRAP\u00d2<\/strong><\/h2>\n<h4 style=\"text-align: center;\">GRAN RISERVA<\/h4>\n\n\t\t<\/div> \n\t<\/div> <div class=\"dfd-spacer-module\"  data-units=\"px\" data-wide_resolution=\"1280\" data-wide_size=\"50\" data-normal_resolution=\"1024\" data-normal_size=\"50\" data-tablet_resolution=\"800\" data-tablet_size=\"20\" data-mobile_resolution=\"480\" data-mobile_size=\"20\" style=\"height: 50px;\"><\/div>\n\t<div class=\"wpb_text_column wpb_content_element  testoprodotto\" >\n\t\t<div class=\"wpb_wrapper\">\n\t\t\t<p class=\"Default\" style=\"text-align: center;\">Produced in limited quantities, this unique expression of red vermouth is the result of the best botanicals and herbs selection added to our classic Vermouth Drap\u00f2.<\/p>\n\n\t\t<\/div> \n\t<\/div> <div class=\"dfd-spacer-module\"  data-units=\"px\" data-wide_resolution=\"1280\" data-wide_size=\"100\" data-normal_resolution=\"1024\" data-normal_size=\"70\" data-tablet_resolution=\"800\" data-tablet_size=\"50\" data-mobile_resolution=\"480\" data-mobile_size=\"50\" style=\"height: 100px;\"><\/div>\n\t\t<\/div> \n\t<\/div> \n<\/div><div class=\"dfd-row-bg-overlay\" style=\"background-color: #f0ebe5;opacity: 0.8;\"><\/div><\/div><div  class=\"vc-row-wrapper equal-height-columns mobile-destroy-equal-heights vc-row-destroy-equal-heights-69d9958f27e15 aligh-content-verticaly\"  data-resolution=\"800\"data-parallax_sense=\"30\"><div class=\"wpb_row row\" >\n\t<div class=\"six columns vc-column-extra-class-69d9958f28290\" data-parallax_sense=\"30\">\n\t\t<div class=\"wpb_wrapper\">\n\t\t\t\n\t<div class=\"wpb_single_image wpb_content_element vc_align_left\" >\n\t\t<div class=\"wpb_wrapper\">\n\t\t\t\n\t\t\t<div class=\"vc_single_image-wrapper   vc_box_border_grey\" ><img loading=\"lazy\" decoding=\"async\" width=\"580\" height=\"652\" src=\"https:\/\/turin-vermouth.com\/wp-content\/uploads\/prodotto-caratteristiche-riserva-1.png\" class=\"vc_single_image-img attachment-full\" alt=\"\" srcset=\"https:\/\/turin-vermouth.com\/wp-content\/uploads\/prodotto-caratteristiche-riserva-1.png 580w, https:\/\/turin-vermouth.com\/wp-content\/uploads\/prodotto-caratteristiche-riserva-1-11x12.png 11w\" sizes=\"auto, (max-width: 580px) 100vw, 580px\" \/><\/div>\n\t\t\t\n\t\t<\/div>\n\t<\/div>\n\n\t\t<\/div> \n\t<\/div> \n\n\t<div class=\"six columns vc-column-extra-class-69d9958f288c8\" data-parallax_sense=\"30\">\n\t\t<div class=\"wpb_wrapper\">\n\t\t\t<div class=\"dfd-spacer-module\"  data-units=\"px\" data-wide_resolution=\"1280\" data-wide_size=\"60\" data-normal_resolution=\"1024\" data-normal_size=\"60\" data-tablet_resolution=\"800\" data-tablet_size=\"80\" data-mobile_resolution=\"480\" data-mobile_size=\"80\" style=\"height: 60px;\"><\/div>\n\t<div class=\"wpb_text_column wpb_content_element\" >\n\t\t<div class=\"wpb_wrapper\">\n\t\t\t<h5 style=\"text-align: center;\"><strong>SENSORY<\/strong><\/h5>\n<h3 style=\"text-align: center;\">NOTES<br \/>\nAND CHARACTERISTICS<\/h3>\n\n\t\t<\/div> \n\t<\/div> <div class=\"dfd-spacer-module\"  data-units=\"px\" data-wide_resolution=\"1280\" data-wide_size=\"30\" data-normal_resolution=\"1024\" data-normal_size=\"30\" data-tablet_resolution=\"800\" data-tablet_size=\"30\" data-mobile_resolution=\"480\" data-mobile_size=\"30\" style=\"height: 30px;\"><\/div>\n\t<div class=\"wpb_text_column wpb_content_element  testoprodotto2\" >\n\t\t<div class=\"wpb_wrapper\">\n\t\t\t<p style=\"text-align: center;\">Color: dark amber<br \/>\nTaste: decisive, intense and persistent on the palate<br \/>\nAlcohol content: 18% vol.<br \/>\nSize: 75 cl<\/p>\n\n\t\t<\/div> \n\t<\/div> <div class=\"dfd-spacer-module\"  data-units=\"px\" data-wide_resolution=\"1280\" data-wide_size=\"30\" data-normal_resolution=\"1024\" data-normal_size=\"30\" data-tablet_resolution=\"800\" data-tablet_size=\"30\" data-mobile_resolution=\"480\" data-mobile_size=\"30\" style=\"height: 30px;\"><\/div>\n\t\t<\/div> \n\t<\/div> \n<\/div><div class=\"dfd-row-bg-overlay\" style=\"background-color: #f0ebe5;opacity: 0.8;\"><\/div><script type=\"text\/javascript\">(function($) {$(\"head\").append(\"<style>@media (min-width: 800px) and (max-width: 800px) {.vc-row-destroy-equal-heights-69d9958f27e15.aligh-content-verticaly.mobile-destroy-equal-heights .dfd-vertical-aligned {top: 0;-webkit-transform: translateY(0);-moz-transform: translateY(0);-o-transform: translateY(0); transform: translateY(0);}.vc-row-destroy-equal-heights-69d9958f27e15.vc-row-wrapper.equal-height-columns > .fp-tableCell > .fp-scrollable > .fp-scroller > .row > .columns,.vc-row-destroy-equal-heights-69d9958f27e15.vc-row-wrapper.equal-height-columns > .fp-tableCell > .fp-scrollable > .row > .columns,.vc-row-destroy-equal-heights-69d9958f27e15.vc-row-wrapper.equal-height-columns > .fp-tableCell > .row > .columns {height: auto;}}<\/style>\");})(jQuery);<\/script><\/div><div  class=\"vc-row-wrapper full_width_content equal-height-columns mobile-destroy-equal-heights vc-row-destroy-equal-heights-69d9958f28cd2 aligh-content-verticaly\"  data-resolution=\"800\"data-parallax_sense=\"30\"><div class=\"wpb_row row\" >\n\t<div class=\"six columns vc-column-extra-class-69d9958f29168 vc_custom_1620311564583\" data-parallax_sense=\"30\">\n\t\t<div class=\"wpb_wrapper\">\n\t\t\t<div class=\"dfd-spacer-module\"  data-units=\"px\" data-wide_resolution=\"1280\" data-wide_size=\"60\" data-normal_resolution=\"1024\" data-normal_size=\"60\" data-tablet_resolution=\"800\" data-tablet_size=\"80\" data-mobile_resolution=\"480\" data-mobile_size=\"80\" style=\"height: 60px;\"><\/div>\n\t<div class=\"wpb_text_column wpb_content_element  testoprodotto\" >\n\t\t<div class=\"wpb_wrapper\">\n\t\t\t<p class=\"Default\" style=\"text-align: center;\"><span style=\"color: #ffffff;\">Drap\u00f2 Gran Riserva rests for at least eight months in French oak barrels. This passage  will further strengthen its body and structure, giving it hints of ancient wood and a combination of supreme flavors. It is part of the Premium Tuv\u00e8 line.<\/span><\/p>\n\n\t\t<\/div> \n\t<\/div> <div class=\"dfd-spacer-module\"  data-units=\"px\" data-wide_resolution=\"1280\" data-wide_size=\"60\" data-normal_resolution=\"1024\" data-normal_size=\"60\" data-tablet_resolution=\"800\" data-tablet_size=\"80\" data-mobile_resolution=\"480\" data-mobile_size=\"80\" style=\"height: 60px;\"><\/div>\n\t\t<\/div> <script type=\"text\/javascript\">(function($) {$(\"head\").append(\"<style>.columns.vc-column-extra-class-69d9958f29168 {background-position: right top !important;}<\/style>\");})(jQuery);<\/script>\n\t<\/div> \n\n\t<div class=\"six columns vc-column-extra-class-69d9958f2936f vc_custom_1758810382366\" data-parallax_sense=\"30\">\n\t\t<div class=\"wpb_wrapper\">\n\t\t\t<div class=\"vc-row-wrapper vc_inner vc_row-fluid dfd-inner-row-69d9958f294e4\"><div class=\"row wpb_row\"><div class=\"spazio4 dfd-enable-custom-column-effect vc-column-hover-69d9958f2965f columns twelve\"><div class=\"wpb_wrapper\"><\/div><script type=\"text\/javascript\">(function($) {$(\"head\").append(\"<style>.vc-column-hover-69d9958f2965f {-webkit-box-shadow: none;-moz-box-shadow: none;-o-box-shadow: none;box-shadow: none;}.vc-column-hover-69d9958f2965f:hover {-webkit-box-shadow: none;-moz-box-shadow: none;-o-box-shadow: none;box-shadow: none; z-index: 1;}<\/style>\");})(jQuery);<\/script><\/div><\/div><\/div>\n\t\t<\/div> <script type=\"text\/javascript\">(function($) {$(\"head\").append(\"<style>.columns.vc-column-extra-class-69d9958f2936f {background-position: center center !important;}<\/style>\");})(jQuery);<\/script>\n\t<\/div> \n<\/div><div class=\"dfd-row-bg-overlay\" style=\"opacity: 0.8;\"><\/div><script type=\"text\/javascript\">(function($) {$(\"head\").append(\"<style>@media (min-width: 800px) and (max-width: 800px) {.vc-row-destroy-equal-heights-69d9958f28cd2.aligh-content-verticaly.mobile-destroy-equal-heights .dfd-vertical-aligned {top: 0;-webkit-transform: translateY(0);-moz-transform: translateY(0);-o-transform: translateY(0); transform: translateY(0);}.vc-row-destroy-equal-heights-69d9958f28cd2.vc-row-wrapper.equal-height-columns > .fp-tableCell > .fp-scrollable > .fp-scroller > .row > .columns,.vc-row-destroy-equal-heights-69d9958f28cd2.vc-row-wrapper.equal-height-columns > .fp-tableCell > .fp-scrollable > .row > .columns,.vc-row-destroy-equal-heights-69d9958f28cd2.vc-row-wrapper.equal-height-columns > .fp-tableCell > .row > .columns {height: auto;}}<\/style>\");})(jQuery);<\/script><\/div><div  class=\"vc-row-wrapper\" data-parallax_sense=\"30\"><div class=\"wpb_row row\" >\n\t<div class=\"twelve columns vc-column-extra-class-69d9958f29c1d\" data-parallax_sense=\"30\">\n\t\t<div class=\"wpb_wrapper\">\n\t\t\t<div class=\"dfd-spacer-module\"  data-units=\"px\" data-wide_resolution=\"1280\" data-wide_size=\"100\" data-normal_resolution=\"1024\" data-normal_size=\"70\" data-tablet_resolution=\"800\" data-tablet_size=\"50\" data-mobile_resolution=\"480\" data-mobile_size=\"50\" style=\"height: 100px;\"><\/div>\n\t<div class=\"wpb_text_column wpb_content_element  testoprodotto\" >\n\t\t<div class=\"wpb_wrapper\">\n\t\t\t<p style=\"text-align: center;\">It has a beautiful amber red color, with some light caramel nuances.The aroma is intense and enveloping, with hints of\nancient woods and dried herbs. The taste extension is remarkable, warm and tannic,but also round and persistent, which involves all the senses.<\/p>\n\n\t\t<\/div> \n\t<\/div> <div class=\"dfd-spacer-module\"  data-units=\"px\" data-wide_resolution=\"1280\" data-wide_size=\"100\" data-normal_resolution=\"1024\" data-normal_size=\"70\" data-tablet_resolution=\"800\" data-tablet_size=\"50\" data-mobile_resolution=\"480\" data-mobile_size=\"50\" style=\"height: 100px;\"><\/div>\n\t\t<\/div> \n\t<\/div> \n<\/div><div class=\"dfd-row-bg-overlay\" style=\"background-color: #f0ebe5;opacity: 0.8;\"><\/div><\/div><div  class=\"vc-row-wrapper vc_custom_1619707763936\" data-parallax_sense=\"30\"><div class=\"wpb_row row\" >\n\t<div class=\"twelve columns vc-column-extra-class-69d9958f2a24a\" data-parallax_sense=\"30\">\n\t\t<div class=\"wpb_wrapper\">\n\t\t\t<div class=\"dfd-spacer-module\"  data-units=\"px\" data-wide_resolution=\"1280\" data-wide_size=\"100\" data-normal_resolution=\"1024\" data-normal_size=\"70\" data-tablet_resolution=\"800\" data-tablet_size=\"50\" data-mobile_resolution=\"480\" data-mobile_size=\"50\" style=\"height: 100px;\"><\/div>\n\t<div class=\"wpb_text_column wpb_content_element  testoprodotto\" >\n\t\t<div class=\"wpb_wrapper\">\n\t\t\t<p style=\"text-align: center;\">We recommend tasting Gran Riserva at room temperature together with 70% dark chocolate chips or with dried fruit such as Piedmont\u2019s hazelnuts or Bronte\u2019s pistachios. In mixing it is used to give complexity and character to quality cocktails.<\/p>\n\n\t\t<\/div> \n\t<\/div> <div class=\"dfd-spacer-module\"  data-units=\"px\" data-wide_resolution=\"1280\" data-wide_size=\"100\" data-normal_resolution=\"1024\" data-normal_size=\"70\" data-tablet_resolution=\"800\" data-tablet_size=\"50\" data-mobile_resolution=\"480\" data-mobile_size=\"50\" style=\"height: 100px;\"><\/div>\n\t\t<\/div> \n\t<\/div> \n<\/div><div class=\"dfd-row-bg-overlay\" style=\"background-color: #f0ebe5;opacity: 0.8;\"><\/div><\/div><div  class=\"vc-row-wrapper full_width_content equal-height-columns mobile-destroy-equal-heights vc-row-destroy-equal-heights-69d9958f2a48f aligh-content-verticaly\"  data-resolution=\"800\"data-parallax_sense=\"30\"><div class=\"wpb_row row\" >\n\t<div class=\"six columns vc-column-extra-class-69d9958f2a890 vc_custom_1619712493121\" data-parallax_sense=\"30\">\n\t\t<div class=\"wpb_wrapper\">\n\t\t\t<div class=\"dfd-spacer-module\"  data-units=\"px\" data-wide_resolution=\"1280\" data-wide_size=\"60\" data-normal_resolution=\"1024\" data-normal_size=\"60\" data-tablet_resolution=\"800\" data-tablet_size=\"80\" data-mobile_resolution=\"480\" data-mobile_size=\"80\" style=\"height: 60px;\"><\/div>\n\t<div class=\"wpb_text_column wpb_content_element\" >\n\t\t<div class=\"wpb_wrapper\">\n\t\t\t<h5 style=\"text-align: center;\"><span style=\"color: #ffffff;\">TURIN<\/span><\/h5>\n<h3 style=\"text-align: center;\"><span style=\"color: #ffffff;\">NEGRONI<\/span><\/h3>\n<h3 style=\"text-align: center;\"><span style=\"color: #ffffff;\">COCKTAIL<\/span><\/h3>\n\n\t\t<\/div> \n\t<\/div> <div class=\"dfd-spacer-module\"  data-units=\"px\" data-wide_resolution=\"1280\" data-wide_size=\"30\" data-normal_resolution=\"1024\" data-normal_size=\"30\" data-tablet_resolution=\"800\" data-tablet_size=\"30\" data-mobile_resolution=\"480\" data-mobile_size=\"30\" style=\"height: 30px;\"><\/div>\n\t<div class=\"wpb_text_column wpb_content_element  testococktail\" >\n\t\t<div class=\"wpb_wrapper\">\n\t\t\t<p style=\"text-align: center;\"><span style=\"color: #ffffff;\">3cl gin&amp;p<\/span><br \/>\n<span style=\"color: #ffffff;\">3cl bitter tuv\u00e8<\/span><br \/>\n<span style=\"color: #ffffff;\">3cl vermouth drap\u00f2 riserva<\/span><br \/>\n<span style=\"color: #ffffff;\">slice of orange<\/span><\/p>\n\n\t\t<\/div> \n\t<\/div> <div class=\"dfd-spacer-module\"  data-units=\"px\" data-wide_resolution=\"1280\" data-wide_size=\"30\" data-normal_resolution=\"1024\" data-normal_size=\"30\" data-tablet_resolution=\"800\" data-tablet_size=\"80\" data-mobile_resolution=\"480\" data-mobile_size=\"80\" style=\"height: 30px;\"><\/div>\n\t\t<\/div> <script type=\"text\/javascript\">(function($) {$(\"head\").append(\"<style>.columns.vc-column-extra-class-69d9958f2a890 {background-position: right top !important;}<\/style>\");})(jQuery);<\/script>\n\t<\/div> \n\n\t<div class=\"six columns vc-column-extra-class-69d9958f2ab4c vc_custom_1619712504462\" data-parallax_sense=\"30\">\n\t\t<div class=\"wpb_wrapper\">\n\t\t\t<div class=\"vc-row-wrapper vc_inner vc_row-fluid dfd-inner-row-69d9958f2abeb\"><div class=\"row wpb_row\"><div class=\"spazio3 dfd-enable-custom-column-effect vc-column-hover-69d9958f2ac93 columns twelve\"><div class=\"wpb_wrapper\"><\/div><script type=\"text\/javascript\">(function($) {$(\"head\").append(\"<style>.vc-column-hover-69d9958f2ac93 {-webkit-box-shadow: none;-moz-box-shadow: none;-o-box-shadow: none;box-shadow: none;}.vc-column-hover-69d9958f2ac93:hover {-webkit-box-shadow: none;-moz-box-shadow: none;-o-box-shadow: none;box-shadow: none; z-index: 1;}<\/style>\");})(jQuery);<\/script><\/div><\/div><\/div>\n\t\t<\/div> <script type=\"text\/javascript\">(function($) {$(\"head\").append(\"<style>.columns.vc-column-extra-class-69d9958f2ab4c {background-position: left top !important;}<\/style>\");})(jQuery);<\/script>\n\t<\/div> \n<\/div><div class=\"dfd-row-bg-overlay\" style=\"opacity: 0.8;\"><\/div><script type=\"text\/javascript\">(function($) {$(\"head\").append(\"<style>@media (min-width: 800px) and (max-width: 800px) {.vc-row-destroy-equal-heights-69d9958f2a48f.aligh-content-verticaly.mobile-destroy-equal-heights .dfd-vertical-aligned {top: 0;-webkit-transform: translateY(0);-moz-transform: translateY(0);-o-transform: translateY(0); transform: translateY(0);}.vc-row-destroy-equal-heights-69d9958f2a48f.vc-row-wrapper.equal-height-columns > .fp-tableCell > .fp-scrollable > .fp-scroller > .row > .columns,.vc-row-destroy-equal-heights-69d9958f2a48f.vc-row-wrapper.equal-height-columns > .fp-tableCell > .fp-scrollable > .row > .columns,.vc-row-destroy-equal-heights-69d9958f2a48f.vc-row-wrapper.equal-height-columns > .fp-tableCell > .row > .columns {height: auto;}}<\/style>\");})(jQuery);<\/script><\/div>","protected":false},"excerpt":{"rendered":"DRAP\u00d2 GRAN RISERVA Prodotto in quantit\u00e0 limitata, questa espressione unica di vermouth rosso \u00e8 il risultato di una selezione delle migliori botaniche ed erbe aggiunte al nostro classico Vermouth Drap\u00f2.","protected":false},"author":31,"featured_media":21885,"parent":0,"menu_order":0,"comment_status":"closed","ping_status":"closed","template":"page-custom.php","meta":{"footnotes":""},"class_list":["post-20807","page","type-page","status-publish","has-post-thumbnail","hentry"],"_links":{"self":[{"href":"https:\/\/turin-vermouth.com\/en\/wp-json\/wp\/v2\/pages\/20807","targetHints":{"allow":["GET"]}}],"collection":[{"href":"https:\/\/turin-vermouth.com\/en\/wp-json\/wp\/v2\/pages"}],"about":[{"href":"https:\/\/turin-vermouth.com\/en\/wp-json\/wp\/v2\/types\/page"}],"author":[{"embeddable":true,"href":"https:\/\/turin-vermouth.com\/en\/wp-json\/wp\/v2\/users\/31"}],"replies":[{"embeddable":true,"href":"https:\/\/turin-vermouth.com\/en\/wp-json\/wp\/v2\/comments?post=20807"}],"version-history":[{"count":12,"href":"https:\/\/turin-vermouth.com\/en\/wp-json\/wp\/v2\/pages\/20807\/revisions"}],"predecessor-version":[{"id":21871,"href":"https:\/\/turin-vermouth.com\/en\/wp-json\/wp\/v2\/pages\/20807\/revisions\/21871"}],"wp:featuredmedia":[{"embeddable":true,"href":"https:\/\/turin-vermouth.com\/en\/wp-json\/wp\/v2\/media\/21885"}],"wp:attachment":[{"href":"https:\/\/turin-vermouth.com\/en\/wp-json\/wp\/v2\/media?parent=20807"}],"curies":[{"name":"wp","href":"https:\/\/api.w.org\/{rel}","templated":true}]}}