{"id":21001,"date":"2021-07-22T10:07:07","date_gmt":"2021-07-22T08:07:07","guid":{"rendered":"http:\/\/turin-vermouth.com\/?page_id=21001"},"modified":"2022-06-29T16:36:56","modified_gmt":"2022-06-29T14:36:56","slug":"mezcal-yuliia","status":"publish","type":"page","link":"https:\/\/turin-vermouth.com\/en\/mezcal-yuliia\/","title":{"rendered":"Mezcal Yuliia"},"content":{"rendered":"<div  class=\"vc-row-wrapper full_width_content\" data-parallax_sense=\"30\"><div class=\"wpb_row row\" >\n\t<div class=\"twelve columns vc-column-extra-class-6a04f31a593d3\" data-parallax_sense=\"30\">\n\t\t<div class=\"wpb_wrapper\">\n\t\t\t\n\t\t\t<!-- START mezcal 1 REVOLUTION SLIDER 6.3.9 --><p class=\"rs-p-wp-fix\"><\/p>\n\t\t\t<rs-module-wrap id=\"rev_slider_47_1_wrapper\" data-source=\"gallery\" style=\"background:transparent;padding:0;margin:0px auto;margin-top:0;margin-bottom:0;background-image:url(http:\/\/turin-vermouth.com\/wp-content\/uploads\/bkg-prodotti-yuliia-mezcal.jpg);background-repeat:no-repeat;background-size:cover;background-position:center bottom;\">\n\t\t\t\t<rs-module id=\"rev_slider_47_1\" style=\"\" data-version=\"6.3.9\">\n\t\t\t\t\t<rs-slides>\n\t\t\t\t\t\t<rs-slide data-key=\"rs-99\" data-title=\"Slide\" data-anim=\"ei:d;eo:d;t:fade;sl:7;\">\n\t\t\t\t\t\t\t<img decoding=\"async\" src=\"\/\/turin-vermouth.com\/wp-content\/plugins\/revslider\/public\/assets\/assets\/transparent.png\" alt=\"Slide\" title=\"Mezcal Yuliia\" class=\"rev-slidebg\" data-no-retina>\n<!---->\t\t\t\t\t\t<\/rs-slide>\n\t\t\t\t\t<\/rs-slides>\n\t\t\t\t<\/rs-module>\n\t\t\t\t<script type=\"text\/javascript\">\n\t\t\t\t\tsetREVStartSize({c: 'rev_slider_47_1',rl:[1240,1240,1240,480],el:[800,800,800,348],gw:[1920,1920,1920,480],gh:[800,800,800,480],type:'standard',justify:'',layout:'fullwidth',mh:\"0\"});\n\t\t\t\t\tvar\trevapi47,\n\t\t\t\t\t\ttpj;\n\t\t\t\t\tfunction revinit_revslider471() {\n\t\t\t\t\tjQuery(function() {\n\t\t\t\t\t\ttpj = jQuery;\n\t\t\t\t\t\trevapi47 = tpj(\"#rev_slider_47_1\");\n\t\t\t\t\t\tif(revapi47==undefined || revapi47.revolution == undefined){\n\t\t\t\t\t\t\trevslider_showDoubleJqueryError(\"rev_slider_47_1\");\n\t\t\t\t\t\t}else{\n\t\t\t\t\t\t\trevapi47.revolution({\n\t\t\t\t\t\t\t\tsliderLayout:\"fullwidth\",\n\t\t\t\t\t\t\t\tvisibilityLevels:\"1240,1240,1240,480\",\n\t\t\t\t\t\t\t\tgridwidth:\"1920,1920,1920,480\",\n\t\t\t\t\t\t\t\tgridheight:\"800,800,800,480\",\n\t\t\t\t\t\t\t\tperspective:600,\n\t\t\t\t\t\t\t\tperspectiveType:\"global\",\n\t\t\t\t\t\t\t\teditorheight:\"800,768,960,348\",\n\t\t\t\t\t\t\t\tresponsiveLevels:\"1240,1240,1240,480\",\n\t\t\t\t\t\t\t\tprogressBar:{disableProgressBar:true},\n\t\t\t\t\t\t\t\tnavigation: {\n\t\t\t\t\t\t\t\t\tonHoverStop:false\n\t\t\t\t\t\t\t\t},\n\t\t\t\t\t\t\t\tfallbacks: {\n\t\t\t\t\t\t\t\t\tallowHTML5AutoPlayOnAndroid:true\n\t\t\t\t\t\t\t\t},\n\t\t\t\t\t\t\t});\n\t\t\t\t\t\t}\n\t\t\t\t\t\t\n\t\t\t\t\t});\n\t\t\t\t\t} \/\/ End of RevInitScript\n\t\t\t\tvar once_revslider471 = false;\n\t\t\t\tif (document.readyState === \"loading\") {document.addEventListener('readystatechange',function() { if((document.readyState === \"interactive\" || document.readyState === \"complete\") && !once_revslider471 ) { once_revslider471 = true; revinit_revslider471();}});} else {once_revslider471 = true; revinit_revslider471();}\n\t\t\t\t<\/script>\n\t\t\t<\/rs-module-wrap>\n\t\t\t<!-- END REVOLUTION SLIDER -->\n\n\t\t<\/div> \n\t<\/div> \n<\/div><div class=\"dfd-row-bg-overlay\" style=\"opacity: 0.8;\"><\/div><\/div><div  class=\"vc-row-wrapper\" data-parallax_sense=\"30\"><div class=\"wpb_row row\" >\n\t<div class=\"twelve columns vc-column-extra-class-6a04f31a68883\" data-parallax_sense=\"30\">\n\t\t<div class=\"wpb_wrapper\">\n\t\t\t<div class=\"dfd-spacer-module\"  data-units=\"px\" data-wide_resolution=\"1280\" data-wide_size=\"100\" data-normal_resolution=\"1024\" data-normal_size=\"70\" data-tablet_resolution=\"800\" data-tablet_size=\"50\" data-mobile_resolution=\"480\" data-mobile_size=\"50\" style=\"height: 100px;\"><\/div>\n\t<div class=\"wpb_text_column wpb_content_element\" >\n\t\t<div class=\"wpb_wrapper\">\n\t\t\t<h2 style=\"text-align: center;\"><strong>YULIIA<\/strong><\/h2>\n<h4 style=\"text-align: center;\">MEZCAL<\/h4>\n\n\t\t<\/div> \n\t<\/div> <div class=\"dfd-spacer-module\"  data-units=\"px\" data-wide_resolution=\"1280\" data-wide_size=\"50\" data-normal_resolution=\"1024\" data-normal_size=\"50\" data-tablet_resolution=\"800\" data-tablet_size=\"20\" data-mobile_resolution=\"480\" data-mobile_size=\"20\" style=\"height: 50px;\"><\/div>\n\t<div class=\"wpb_text_column wpb_content_element  testoprodotto\" >\n\t\t<div class=\"wpb_wrapper\">\n\t\t\t<p style=\"text-align: center;\">YULIIA, is our mezcal with ESPAD\u00cdN agave that is sown and requires a more controlled process. It is the most common agave, although it needs 9 years of growth to be ready.<\/p>\n\n\t\t<\/div> \n\t<\/div> <div class=\"dfd-spacer-module\"  data-units=\"px\" data-wide_resolution=\"1280\" data-wide_size=\"100\" data-normal_resolution=\"1024\" data-normal_size=\"70\" data-tablet_resolution=\"800\" data-tablet_size=\"50\" data-mobile_resolution=\"480\" data-mobile_size=\"50\" style=\"height: 100px;\"><\/div>\n\t\t<\/div> \n\t<\/div> \n<\/div><div class=\"dfd-row-bg-overlay\" style=\"background-color: #f0ebe5;opacity: 0.8;\"><\/div><\/div><div  class=\"vc-row-wrapper equal-height-columns mobile-destroy-equal-heights vc-row-destroy-equal-heights-6a04f31a6900a aligh-content-verticaly\"  data-resolution=\"800\"data-parallax_sense=\"30\"><div class=\"wpb_row row\" >\n\t<div class=\"six columns vc-column-extra-class-6a04f31a69852\" data-parallax_sense=\"30\">\n\t\t<div class=\"wpb_wrapper\">\n\t\t\t\n\t<div class=\"wpb_single_image wpb_content_element vc_align_left\" >\n\t\t<div class=\"wpb_wrapper\">\n\t\t\t\n\t\t\t<div class=\"vc_single_image-wrapper   vc_box_border_grey\" ><img loading=\"lazy\" decoding=\"async\" width=\"580\" height=\"652\" src=\"https:\/\/turin-vermouth.com\/wp-content\/uploads\/prodotti-yuliia-mezcal.png\" class=\"vc_single_image-img attachment-full\" alt=\"\" \/><\/div>\n\t\t\t\n\t\t<\/div>\n\t<\/div>\n\n\t\t<\/div> \n\t<\/div> \n\n\t<div class=\"six columns vc-column-extra-class-6a04f31a6a206\" data-parallax_sense=\"30\">\n\t\t<div class=\"wpb_wrapper\">\n\t\t\t<div class=\"dfd-spacer-module\"  data-units=\"px\" data-wide_resolution=\"1280\" data-wide_size=\"60\" data-normal_resolution=\"1024\" data-normal_size=\"60\" data-tablet_resolution=\"800\" data-tablet_size=\"80\" data-mobile_resolution=\"480\" data-mobile_size=\"80\" style=\"height: 60px;\"><\/div>\n\t<div class=\"wpb_text_column wpb_content_element\" >\n\t\t<div class=\"wpb_wrapper\">\n\t\t\t<h5 style=\"text-align: center;\"><strong>SENSORY<\/strong><\/h5>\n<h3 style=\"text-align: center;\">NOTES<br \/>\nAND CHARACTERISTICS<\/h3>\n\n\t\t<\/div> \n\t<\/div> <div class=\"dfd-spacer-module\"  data-units=\"px\" data-wide_resolution=\"1280\" data-wide_size=\"30\" data-normal_resolution=\"1024\" data-normal_size=\"30\" data-tablet_resolution=\"800\" data-tablet_size=\"30\" data-mobile_resolution=\"480\" data-mobile_size=\"30\" style=\"height: 30px;\"><\/div>\n\t<div class=\"wpb_text_column wpb_content_element  testoprodotto2\" >\n\t\t<div class=\"wpb_wrapper\">\n\t\t\t<p style=\"text-align: center;\">YULIIA Mezcal is produced with a 100% manual process, with high quality raw materials that give our Mezcal its unique taste.<br \/>\nTYPE OF MAGUEY: Espad\u00edn 100%<br \/>\nAGING AGE: 9 years<br \/>\nSTATE: Oaxaca<br \/>\nPROVINCE: Tlacolula de Matamoros<br \/>\nCOMMUNITY: Tlacolula de Matamoros<br \/>\nOVEN: In stone<br \/>\nGRINDING: Stone grinder<br \/>\nFERMENTATION: Young<br \/>\nDISTILLER: Copper alembic<br \/>\nDISTILLATIONS: 3 cycles<br \/>\nALCOHOL CONTENT: 40%<\/p>\n\n\t\t<\/div> \n\t<\/div> <div class=\"dfd-spacer-module\"  data-units=\"px\" data-wide_resolution=\"1280\" data-wide_size=\"30\" data-normal_resolution=\"1024\" data-normal_size=\"30\" data-tablet_resolution=\"800\" data-tablet_size=\"30\" data-mobile_resolution=\"480\" data-mobile_size=\"30\" style=\"height: 30px;\"><\/div>\n\t\t<\/div> \n\t<\/div> \n<\/div><div class=\"dfd-row-bg-overlay\" style=\"background-color: #f0ebe5;opacity: 0.8;\"><\/div><script type=\"text\/javascript\">(function($) {$(\"head\").append(\"<style>@media (min-width: 800px) and (max-width: 800px) {.vc-row-destroy-equal-heights-6a04f31a6900a.aligh-content-verticaly.mobile-destroy-equal-heights .dfd-vertical-aligned {top: 0;-webkit-transform: translateY(0);-moz-transform: translateY(0);-o-transform: translateY(0); transform: translateY(0);}.vc-row-destroy-equal-heights-6a04f31a6900a.vc-row-wrapper.equal-height-columns > .fp-tableCell > .fp-scrollable > .fp-scroller > .row > .columns,.vc-row-destroy-equal-heights-6a04f31a6900a.vc-row-wrapper.equal-height-columns > .fp-tableCell > .fp-scrollable > .row > .columns,.vc-row-destroy-equal-heights-6a04f31a6900a.vc-row-wrapper.equal-height-columns > .fp-tableCell > .row > .columns {height: auto;}}<\/style>\");})(jQuery);<\/script><\/div><div  class=\"vc-row-wrapper full_width_content equal-height-columns mobile-destroy-equal-heights vc-row-destroy-equal-heights-6a04f31a6a9ab aligh-content-verticaly\"  data-resolution=\"800\"data-parallax_sense=\"30\"><div class=\"wpb_row row\" >\n\t<div class=\"six columns vc-column-extra-class-6a04f31a6b171 vc_custom_1623060044880\" data-parallax_sense=\"30\">\n\t\t<div class=\"wpb_wrapper\">\n\t\t\t<div class=\"dfd-spacer-module\"  data-units=\"px\" data-wide_resolution=\"1280\" data-wide_size=\"60\" data-normal_resolution=\"1024\" data-normal_size=\"60\" data-tablet_resolution=\"800\" data-tablet_size=\"80\" data-mobile_resolution=\"480\" data-mobile_size=\"80\" style=\"height: 60px;\"><\/div>\n\t<div class=\"wpb_text_column wpb_content_element  testoprodotto3\" >\n\t\t<div class=\"wpb_wrapper\">\n\t\t\t<p class=\"Default\" style=\"text-align: center;\"><span style=\"color: #ffffff;\">Its name has its origins in the time of Troy<br \/>\nand symbolizes strength and nature, which are characteristics of our mezcal, the essence of our exquisite flavor comes from the care of our maguey and the artisan process, providing an exceptional body and flavor to the drink. It has 40% alcohol.<br \/>\nOur mezcal has the artisanal classification thanks to the type of processing that dates back to our ancestors.<br \/>\nTo obtain our handmade mezcal, the maguey is cooked in underground wood ovens, when it is at the ideal temperature it is ground with stone mills.<br \/>\nFermentation takes place in aluminum jars and distillation in copper stills then it  rests in glass to preserve its natural mezcal flavor.<\/span><\/p>\n\n\t\t<\/div> \n\t<\/div> <div class=\"dfd-spacer-module\"  data-units=\"px\" data-wide_resolution=\"1280\" data-wide_size=\"60\" data-normal_resolution=\"1024\" data-normal_size=\"60\" data-tablet_resolution=\"800\" data-tablet_size=\"80\" data-mobile_resolution=\"480\" data-mobile_size=\"80\" style=\"height: 60px;\"><\/div>\n\t\t<\/div> <script type=\"text\/javascript\">(function($) {$(\"head\").append(\"<style>.columns.vc-column-extra-class-6a04f31a6b171 {background-position: right top !important;}<\/style>\");})(jQuery);<\/script>\n\t<\/div> \n\n\t<div class=\"six columns vc-column-extra-class-6a04f31a6b501 vc_custom_1623089772197\" data-parallax_sense=\"30\">\n\t\t<div class=\"wpb_wrapper\">\n\t\t\t\n\t<div class=\"wpb_single_image wpb_content_element vc_align_left\" >\n\t\t<div class=\"wpb_wrapper\">\n\t\t\t\n\t\t\t<div class=\"vc_single_image-wrapper   vc_box_border_grey\" ><img loading=\"lazy\" decoding=\"async\" width=\"1500\" height=\"1500\" src=\"https:\/\/turin-vermouth.com\/wp-content\/uploads\/mezcal-img-1.jpg\" class=\"vc_single_image-img attachment-full\" alt=\"\" srcset=\"https:\/\/turin-vermouth.com\/wp-content\/uploads\/mezcal-img-1.jpg 1500w, https:\/\/turin-vermouth.com\/wp-content\/uploads\/mezcal-img-1-1000x1000.jpg 1000w, https:\/\/turin-vermouth.com\/wp-content\/uploads\/mezcal-img-1-400x400.jpg 400w, https:\/\/turin-vermouth.com\/wp-content\/uploads\/mezcal-img-1-768x768.jpg 768w, https:\/\/turin-vermouth.com\/wp-content\/uploads\/mezcal-img-1-600x600.jpg 600w, https:\/\/turin-vermouth.com\/wp-content\/uploads\/mezcal-img-1-100x100.jpg 100w\" sizes=\"auto, (max-width: 1500px) 100vw, 1500px\" \/><\/div>\n\t\t\t\n\t\t<\/div>\n\t<\/div>\n\n\t\t<\/div> <script type=\"text\/javascript\">(function($) {$(\"head\").append(\"<style>.columns.vc-column-extra-class-6a04f31a6b501 {background-position: center center !important;}<\/style>\");})(jQuery);<\/script>\n\t<\/div> \n<\/div><div class=\"dfd-row-bg-overlay\" style=\"opacity: 0.8;\"><\/div><script type=\"text\/javascript\">(function($) {$(\"head\").append(\"<style>@media (min-width: 800px) and (max-width: 800px) {.vc-row-destroy-equal-heights-6a04f31a6a9ab.aligh-content-verticaly.mobile-destroy-equal-heights .dfd-vertical-aligned {top: 0;-webkit-transform: translateY(0);-moz-transform: translateY(0);-o-transform: translateY(0); transform: translateY(0);}.vc-row-destroy-equal-heights-6a04f31a6a9ab.vc-row-wrapper.equal-height-columns > .fp-tableCell > .fp-scrollable > .fp-scroller > .row > .columns,.vc-row-destroy-equal-heights-6a04f31a6a9ab.vc-row-wrapper.equal-height-columns > .fp-tableCell > .fp-scrollable > .row > .columns,.vc-row-destroy-equal-heights-6a04f31a6a9ab.vc-row-wrapper.equal-height-columns > .fp-tableCell > .row > .columns {height: auto;}}<\/style>\");})(jQuery);<\/script><\/div><div  class=\"vc-row-wrapper\" data-parallax_sense=\"30\"><div class=\"wpb_row row\" >\n\t<div class=\"twelve columns vc-column-extra-class-6a04f31a6c4ef\" data-parallax_sense=\"30\">\n\t\t<div class=\"wpb_wrapper\">\n\t\t\t<div class=\"dfd-spacer-module\"  data-units=\"px\" data-wide_resolution=\"1280\" data-wide_size=\"100\" data-normal_resolution=\"1024\" data-normal_size=\"70\" data-tablet_resolution=\"800\" data-tablet_size=\"50\" data-mobile_resolution=\"480\" data-mobile_size=\"50\" style=\"height: 100px;\"><\/div>\n\t<div class=\"wpb_text_column wpb_content_element  testoprodotto\" >\n\t\t<div class=\"wpb_wrapper\">\n\t\t\t<p style=\"text-align: center;\">Mezcal has the ability to return many flavors to the palate, combining it with lemon or orange with salt, what we do is deceive the palate and not allow it to define the infinite variety of flavors that Mezcal can offer, such as fruit, herbs, wood, etc.<\/p>\n\n\t\t<\/div> \n\t<\/div> <div class=\"dfd-spacer-module\"  data-units=\"px\" data-wide_resolution=\"1280\" data-wide_size=\"100\" data-normal_resolution=\"1024\" data-normal_size=\"70\" data-tablet_resolution=\"800\" data-tablet_size=\"50\" data-mobile_resolution=\"480\" data-mobile_size=\"50\" style=\"height: 100px;\"><\/div>\n\t\t<\/div> \n\t<\/div> \n<\/div><div class=\"dfd-row-bg-overlay\" style=\"background-color: #f0ebe5;opacity: 0.8;\"><\/div><\/div><div  class=\"vc-row-wrapper vc_custom_1623090497333\" data-parallax_sense=\"30\"><div class=\"wpb_row row\" >\n\t<div class=\"twelve columns vc-column-extra-class-6a04f31a6d048\" data-parallax_sense=\"30\">\n\t\t<div class=\"wpb_wrapper\">\n\t\t\t<div class=\"dfd-spacer-module\"  data-units=\"px\" data-wide_resolution=\"1280\" data-wide_size=\"100\" data-normal_resolution=\"1024\" data-normal_size=\"70\" data-tablet_resolution=\"800\" data-tablet_size=\"50\" data-mobile_resolution=\"480\" data-mobile_size=\"50\" style=\"height: 100px;\"><\/div>\n\t<div class=\"wpb_text_column wpb_content_element  testoprodotto\" >\n\t\t<div class=\"wpb_wrapper\">\n\t\t\t<p style=\"text-align: center;\">We recommend to taste it with ice and consuming it alternating a sip of water and a sip of mezcal, so we refresh the palate after each sip and we can taste the flavors for longer while keeping our taste buds fresh.<\/p>\n\n\t\t<\/div> \n\t<\/div> <div class=\"dfd-spacer-module\"  data-units=\"px\" data-wide_resolution=\"1280\" data-wide_size=\"100\" data-normal_resolution=\"1024\" data-normal_size=\"70\" data-tablet_resolution=\"800\" data-tablet_size=\"50\" data-mobile_resolution=\"480\" data-mobile_size=\"50\" style=\"height: 100px;\"><\/div>\n\t\t<\/div> \n\t<\/div> \n<\/div><div class=\"dfd-row-bg-overlay\" style=\"background-color: #f0ebe5;opacity: 0.8;\"><\/div><\/div>","protected":false},"excerpt":{"rendered":"YULIIA MEZCAL YULIIA, \u00e8 il nostro mezcal con l\u2019agave ESPAD\u00cdN che viene seminata e richiede un processo pi\u00f9 controllato. \u00c8 l\u2019agave pi\u00f9 comune, sebbene necessiti di 9 anni di crescita","protected":false},"author":31,"featured_media":21012,"parent":0,"menu_order":0,"comment_status":"closed","ping_status":"closed","template":"page-custom.php","meta":{"footnotes":""},"class_list":["post-21001","page","type-page","status-publish","has-post-thumbnail","hentry"],"_links":{"self":[{"href":"https:\/\/turin-vermouth.com\/en\/wp-json\/wp\/v2\/pages\/21001","targetHints":{"allow":["GET"]}}],"collection":[{"href":"https:\/\/turin-vermouth.com\/en\/wp-json\/wp\/v2\/pages"}],"about":[{"href":"https:\/\/turin-vermouth.com\/en\/wp-json\/wp\/v2\/types\/page"}],"author":[{"embeddable":true,"href":"https:\/\/turin-vermouth.com\/en\/wp-json\/wp\/v2\/users\/31"}],"replies":[{"embeddable":true,"href":"https:\/\/turin-vermouth.com\/en\/wp-json\/wp\/v2\/comments?post=21001"}],"version-history":[{"count":23,"href":"https:\/\/turin-vermouth.com\/en\/wp-json\/wp\/v2\/pages\/21001\/revisions"}],"predecessor-version":[{"id":21545,"href":"https:\/\/turin-vermouth.com\/en\/wp-json\/wp\/v2\/pages\/21001\/revisions\/21545"}],"wp:featuredmedia":[{"embeddable":true,"href":"https:\/\/turin-vermouth.com\/en\/wp-json\/wp\/v2\/media\/21012"}],"wp:attachment":[{"href":"https:\/\/turin-vermouth.com\/en\/wp-json\/wp\/v2\/media?parent=21001"}],"curies":[{"name":"wp","href":"https:\/\/api.w.org\/{rel}","templated":true}]}}