{"id":21283,"date":"2022-01-19T16:52:07","date_gmt":"2022-01-19T15:52:07","guid":{"rendered":"http:\/\/turin-vermouth.com\/?page_id=21283"},"modified":"2022-01-19T16:59:04","modified_gmt":"2022-01-19T15:59:04","slug":"termini-e-condizioni","status":"publish","type":"page","link":"https:\/\/turin-vermouth.com\/en\/termini-e-condizioni\/","title":{"rendered":"Termini e condizioni"},"content":{"rendered":"<p>Il presente sito \u00e8 propriet\u00e0 di:<br \/>\n<strong>Turin Vermouth<br \/>\n<\/strong>Strada del Cascinotto, 130 10156 Torino (TO) \u2013 Italia<\/p>\n<p>Servizio Clienti dal luned\u00ec al venerd\u00ec dalle 9:00 alle 18:00<br \/>\nTel. +39 011 20 79 990<br \/>\nFax +39 011 37 47 670<br \/>\nEmail <a href=\"mailto:sales@turin-vermouth.com\">sales@turin-vermouth.com<\/a><\/p>\n<p>Le presenti <strong>condizioni di vendita<\/strong> disciplinano la vendita dei prodotti commercializzati da Turin Vermouth attraverso il sito internet turin-vermouth.com. Tutti i contratti di acquisto di prodotti conclusi, tramite il suddetto sito internet e secondo le procedure qui indicate, tra il venditore e il Cliente, saranno regolati dalle presenti condizioni di vendita (in accordo alla legge italiana ed in particolare al D.Lgs. 70\/2003 relativamente al commercio elettronico e al D.Lgs. 206\/2005 con specifico riferimento alla normativa in materia di contratti a distanza). Eventuali modifiche o nuove condizioni di vendita verranno tempestivamente segnalate al Cliente, saranno efficaci dal momento della pubblicazione sul sito e verranno applicate alle sole vendite concluse successivamente alla pubblicazione.<\/p>\n<h3>Accettazione delle condizioni di vendita<\/h3>\n<p>Il contratto stipulato tra Turin Vermouth ed il Cliente deve intendersi concluso con l&#8217;accettazione dell&#8217;ordine da parte di Turin Vermouth. L&#8217;accettazione si ritiene tacita, se non altrimenti comunicato con qualsiasi modalit\u00e0 al Cliente. Effettuando un ordine nelle varie modalit\u00e0 previste, il Cliente dichiara di aver preso visione delle indicazioni fornite durante la procedura d&#8217;acquisto e di accettare le condizioni di seguito trascritte. Si invita pertanto il Cliente a leggere attentamente le presenti condizioni di vendita e a stamparle o a salvarle su altro supporto duraturo a lui accessibile.<\/p>\n<h3>Modalit\u00e0 di acquisto<\/h3>\n<p>Il Cliente pu\u00f2 acquistare solo i prodotti presenti sul sito https:\/\/turin-vermouth.com al momento dell&#8217;inoltro dell&#8217;ordine cos\u00ec come descritti nelle relative schede informative. Le informazioni a corredo dei prodotti riproducono quelle fornite dalle case produttrici. Turin Vermouth, pertanto, si riserva il diritto di modificare le informazioni dei prodotti per adeguarle a quelle fornite dai produttori, senza necessit\u00e0 di preavviso. Le immagini presenti sul sito sono fornite al Cliente per agevolare il riconoscimento dei prodotti, a causa di variazioni nella confezione da parte del produttore, le foto potrebbero non rispecchiare esattamente l&#8217;aspetto del prodotto consegnato. La corretta ricezione dell&#8217;ordine \u00e8 confermata da Turin Vermouth mediante una risposta via e-mail, inviata all&#8217;indirizzo di posta elettronica comunicato dal Cliente. Tale messaggio di conferma riporter\u00e0 data e ora di ricezione dell&#8217;ordine ed un &#8220;Numero Ordine&#8221;, da utilizzarsi in ogni ulteriore comunicazione con Turin Vermouth, cos\u00ec come un rimando alle presenti condizioni di vendita. Nel caso di mancata accettazione dell&#8217;ordine, Turin Vermouth si impegna ad una tempestiva comunicazione al Cliente. Tutti i prezzi presenti nel sito sono da intendersi prezzi al pubblico e, quindi, comprensivi di iva. Turin Vermouth si riserva il diritto di modificare i prezzi in ogni momento, senza alcun preavviso. I prezzi al pubblico non includono eventuali tasse, dazi ed imposte applicabili nel Paese di destinazione dei prodotti e\/o servizi ove questo sia diverso dall\u2019Italia. Tali costi, diversi da paese a paese, sono a carico del cliente, al quale spetta l\u2019onere di verificarne l\u2019ammontare presso le competenti autorit\u00e0 doganali. A fronte di una richiesta scritta rimborseremo il cliente dei costi incorsi.<\/p>\n<h3>Modalit\u00e0 di pagamento<\/h3>\n<p>Il Cliente pu\u00f2 acquistare i prodotti presenti sul sito internet Turin Vermouth utilizzando diverse forme di pagamento, cos\u00ec come indicato nella procedura d&#8217;acquisto. Eventuali costi aggiuntivi afferenti ad una determinata modalit\u00e0 di pagamento verranno esplicitamente evidenziati durante la procedura d&#8217;acquisto stessa.<\/p>\n<h3>Modalit\u00e0 di consegna<\/h3>\n<p>Turin Vermouth consegna i propri prodotti tramite corrieri specializzati. Le spese di spedizione, in genere, sono a carico del Cliente e sono evidenziate esplicitamente al momento dell&#8217;effettuazione dell&#8217;ordine. A seconda dell\u2019area di destinazione della merce, le consegne potranno avvenire in un arco di tempo che varia dalle 24 ore ai 4 giorni, salvo contrattempi (comunque al pi\u00f9 tardi entro trenta giorni dalla data dell&#8217;ordine). Il Cliente al ricevimento della merce \u00e8 tenuto a verificarne l&#8217;integrit\u00e0, qualora il cliente avesse dubbi circa l&#8217;integrit\u00e0 della stessa, dovr\u00e0 indicarlo sulla ricevuta di consegna. Il cliente avr\u00e0 tempo 14 giorni lavorativi per verificare l&#8217;integrit\u00e0 della merce e comunicare per iscritto tramite posta elettronica all&#8217;indirizzo <a href=\"mailto:sales@turin-vermouth.com\">sales@turin-vermouth.com<\/a> eventuali danneggiamenti. Entro 14 giorni lavorativi Turin Vermouth provveder\u00e0 a rimborsare il cliente.<\/p>\n<h3>Diritto di recesso<\/h3>\n<p>Il Cliente ha il diritto di recedere dal contratto, senza indicarne le ragioni, entro 14 giorni. Il periodo di recesso scade dopo 14 giorni dal giorno in cui il Cliente o un terzo, diverso dal vettore e dal Cliente designato, acquisisce il possesso fisico dei beni. Per esercitare il diritto di recesso, il Cliente \u00e8 tenuto a informare Turin Vermouth della decisione di recedere tramite una dichiarazione esplicita inviata ai contatti indicati pi\u00f9 sopra (ad esempio tramite lettera inviata per posta, fax o posta elettronica). Per rispettare il termine di recesso, \u00e8 sufficiente che il Cliente invii la comunicazione relativa all&#8217;esercizio del diritto di recesso prima della scadenza del periodo di recesso. Se il Cliente recede dal presente contratto, gli saranno rimborsati tutti i pagamenti che ha effettuato a favore di Turin Vermouth, compresi i costi di consegna (ad eccezione dei costi supplementari derivanti dalla eventuale scelta di un tipo di consegna diverso dal tipo meno costoso di consegna standard offerto), senza indebito ritardo e in ogni caso non oltre 14 giorni dal giorno in cui Turin Vermouth \u00e8 informata della decisione del Cliente di recedere dal presente contratto. Detti rimborsi saranno effettuati utilizzando lo stesso mezzo di pagamento usato dal Cliente per la transazione iniziale, salvo che il Cliente non abbia espressamente convenuto altrimenti; in ogni caso il Cliente non dovr\u00e0 sostenere alcun costo quale conseguenza di tale rimborso. Il rimborso pu\u00f2 essere sospeso fino al ricevimento dei beni oppure fino all\u2019avvenuta dimostrazione da parte del Cliente di aver rispedito i beni, se precedente. Il Cliente \u00e8 pregato di rispedire i beni e di consegnarli a Turin Vermouth senza indebiti ritardi e in ogni caso entro 14 giorni dal giorno in cui ha comunicato il recesso dal presente contratto. Il termine \u00e8 rispettato se il Cliente rispedisce i beni prima della scadenza del periodo di 14 giorni. I costi della restituzione dei beni saranno a carico del Cliente. Il Cliente \u00e8 responsabile solo della diminuzione del valore dei beni risultante da una manipolazione del bene diversa da quella necessaria per stabilire la natura, le caratteristiche e il funzionamento dei beni. Non vengono sostituiti o rimborsati prodotti danneggiati od usati, anche solo in parte. Il diritto di recesso non si applica: ai beni confezionati su misura o chiaramente personalizzati o che, per loro natura, rischiano di deteriorarsi rapidamente, siano sigillati e non si prestino ad essere restituiti per motivi igienici ovvero siano connessi alla protezione della salute e siano stati aperti dopo la consegna.<\/p>\n<h3>Piattaforma europea per la risoluzione delle controversie<\/h3>\n<p>Turin Vermouth informa l\u2019utente che rivesta la qualifica di consumatore di cui all\u2019art. 3, comma 1, lett. a) del Codice del Consumo che \u00e8 stata istituita una piattaforma europea per la risoluzione online delle controversie dei consumatori (c.d. piattaforma ODR). La piattaforma ODR \u00e8 consultabile al seguente indirizzo <a href=\"https:\/\/ec.europa.eu\/consumers\/odr\/main\/?event=main.home.show\" target=\"_blank\" rel=\"noopener\">https:\/\/ec.europa.eu\/consumers\/odr\/main\/?event=main.home.show<\/a>. Attraverso la piattaforma ODR l\u2019utente consumatore potr\u00e0 consultare l\u2019elenco degli organismi ADR, trovare il link al sito di ciascuno di essi e avviare una procedura di risoluzione on-line della controversia in cui sia coinvolto.<\/p>\n<h3>Garanzia<\/h3>\n<p>Il Cliente che acquista in qualit\u00e0 di consumatore ha il diritto di garanzia sui prodotti e servizi acquistati nei limiti di 24 mesi dall\u2019acquisto e alle condizioni stabilite dalla legge, a condizione che sia data comunicazione a Turin Vermouth dei vizi riscontrati, con le stesse modalit\u00e0 previste per il recesso, entro 2 mesi dalla loro scoperta.<\/p>\n<h3>Privacy<\/h3>\n<p>I dati personali richiesti in fase di inoltro dell&#8217;ordine sono raccolti da Turin Vermouth e trattati su supporti informatici, al fine di soddisfare le obbligazioni nascenti dal contratto concluso con il Cliente e non verranno in nessun caso e a nessun titolo ceduti a terzi. Turin Vermouth garantisce ai propri Clienti il rispetto della normativa in materia di trattamento dei dati personali, disciplinata dal codice della privacy di cui al DLgs. N. 196 del 30.06.03. Titolare del trattamento dati \u00e8 TURIN VERMOUTH Strada del Cascinotto, 130 10156 Torino (TO), nella persona che di volta in volta ha la rappresentanza legale, salvo che non sia nominato un responsabile ai sensi della dell&#8217;art. 29 del D.lgs. n. 196\/2003. Al cliente, in ogni momento, spetta il diritto di revocare il consenso al trattamento dei dati personali con comunicazione scritta da inviarsi a Turin Vermouth, all&#8217;indirizzo di cui sopra. Il cliente, ai sensi dell&#8217;art. 7 del D.Lgs. n. 196\/2003, ha il diritto di accedere ai propri dati secondo le modalit\u00e0 ivi previste. Le comunicazioni marketing verranno inviate solo dietro esplicito consenso del Cliente rilasciato unitamente all&#8217;autorizzazione al trattamento ed all&#8217;invio nel modulo di registrazione online.<\/p>\n<h3>Tutela dei minori<\/h3>\n<p>Turin Vermouth non vende vino o altri prodotti alcolici ai minori di 18 anni. Il corriere non consegner\u00e0 il vino o altri prodotti alcolici ai minori di 18 anni e potr\u00e0 richiedere un documento di identit\u00e0 per verificare l&#8217;et\u00e0.<\/p>\n<h3>Reclami<\/h3>\n<p>Ogni eventuale reclamo dovr\u00e0 essere rivolto per iscritto a TURIN VERMOUTH Strada del Cascinotto, 130 10156 Torino (TO) oppure per email a <a href=\"mailto:sales@turin-vermouth.com\">sales@turin-vermouth.com<\/a>.<\/p>","protected":false},"excerpt":{"rendered":"<p>Il presente sito \u00e8 propriet\u00e0 di: Turin Vermouth Strada del Cascinotto, 130 10156 Torino (TO) \u2013 Italia Servizio Clienti dal luned\u00ec al venerd\u00ec dalle 9:00 alle 18:00 Tel. +39 011<\/p>","protected":false},"author":31,"featured_media":0,"parent":0,"menu_order":0,"comment_status":"closed","ping_status":"closed","template":"","meta":{"footnotes":""},"class_list":["post-21283","page","type-page","status-publish","hentry"],"_links":{"self":[{"href":"https:\/\/turin-vermouth.com\/en\/wp-json\/wp\/v2\/pages\/21283","targetHints":{"allow":["GET"]}}],"collection":[{"href":"https:\/\/turin-vermouth.com\/en\/wp-json\/wp\/v2\/pages"}],"about":[{"href":"https:\/\/turin-vermouth.com\/en\/wp-json\/wp\/v2\/types\/page"}],"author":[{"embeddable":true,"href":"https:\/\/turin-vermouth.com\/en\/wp-json\/wp\/v2\/users\/31"}],"replies":[{"embeddable":true,"href":"https:\/\/turin-vermouth.com\/en\/wp-json\/wp\/v2\/comments?post=21283"}],"version-history":[{"count":8,"href":"https:\/\/turin-vermouth.com\/en\/wp-json\/wp\/v2\/pages\/21283\/revisions"}],"predecessor-version":[{"id":21291,"href":"https:\/\/turin-vermouth.com\/en\/wp-json\/wp\/v2\/pages\/21283\/revisions\/21291"}],"wp:attachment":[{"href":"https:\/\/turin-vermouth.com\/en\/wp-json\/wp\/v2\/media?parent=21283"}],"curies":[{"name":"wp","href":"https:\/\/api.w.org\/{rel}","templated":true}]}}