{"id":20466,"date":"2021-03-09T17:07:43","date_gmt":"2021-03-09T16:07:43","guid":{"rendered":"http:\/\/turin-vermouth.com\/?post_type=product&#038;p=20466"},"modified":"2025-09-24T10:20:29","modified_gmt":"2025-09-24T08:20:29","slug":"drapo-dry","status":"publish","type":"product","link":"https:\/\/turin-vermouth.com\/en\/product\/drapo-dry\/","title":{"rendered":"Drap\u00f2 Dry"},"content":{"rendered":"<p>It is a dry vermouth of exceptional quality and refined organoleptic characteristics, made through the harmonization of a selection of fine national white wines, strengthened with alcohol, sweetened with sugar and invigorated with an infusion of medicinal plants and spices. It is characterized by its dry and sophisticated taste.<\/p>\n<p>It is appreciated for its particularly delicate scent deriving from the combination of herbs and spices extracted as per tradition. A Dry to be used to give quality and character to cocktails of all kinds.<\/p>\n<p>Un Vermouth dal tenue colore giallo paglierino dai riflessi tendenti al verde, conferitigli dalla spremitura delle erbe. L\u2019aroma coinvolge i sensi con sontuose note speziate e floreali, che ricordano la china calissaia, il cardamomo e la rosa canina. Il gusto \u00e8 asciutto, sensazione data dal tannino, secco, in quanto la quantit\u00e0 di zucchero presente in questo Vermouth \u00e8 decisamente inferiore rispetto alla gamma Drap\u00f2; ci\u00f2 nonostante presenta un retrogusto piacevole, persistente e delicato.<\/p>","protected":false},"excerpt":{"rendered":"<p>Gradazione 16% Vol.<br \/>\nFormato 1 lt<br \/>\nBottiglie per cartone 6<br \/>\nStrati per pallet (80&#215;120) min. 1 &#8211; max. 5<br \/>\nCartoni per strato 19<br \/>\nBottiglie per strato 114<br \/>\nCod. Ean bottiglia 8051827902062<br \/>\nCod. Ean cartone 18051827902069<br \/>\nDimensione cartone &#8211; L x l x A (cm) 26 x 17 x 33<br \/>\nPeso complessivo cartone (kg) 9.50<\/p>","protected":false},"featured_media":21796,"template":"","meta":[],"product_cat":[278],"product_tag":[],"class_list":["post-20466","product","type-product","status-publish","has-post-thumbnail","hentry","product_cat-vermouth"],"_links":{"self":[{"href":"https:\/\/turin-vermouth.com\/en\/wp-json\/wp\/v2\/product\/20466","targetHints":{"allow":["GET"]}}],"collection":[{"href":"https:\/\/turin-vermouth.com\/en\/wp-json\/wp\/v2\/product"}],"about":[{"href":"https:\/\/turin-vermouth.com\/en\/wp-json\/wp\/v2\/types\/product"}],"wp:featuredmedia":[{"embeddable":true,"href":"https:\/\/turin-vermouth.com\/en\/wp-json\/wp\/v2\/media\/21796"}],"wp:attachment":[{"href":"https:\/\/turin-vermouth.com\/en\/wp-json\/wp\/v2\/media?parent=20466"}],"wp:term":[{"taxonomy":"product_cat","embeddable":true,"href":"https:\/\/turin-vermouth.com\/en\/wp-json\/wp\/v2\/product_cat?post=20466"},{"taxonomy":"product_tag","embeddable":true,"href":"https:\/\/turin-vermouth.com\/en\/wp-json\/wp\/v2\/product_tag?post=20466"}],"curies":[{"name":"wp","href":"https:\/\/api.w.org\/{rel}","templated":true}]}}